{"id":157785,"date":"2018-06-07T02:42:05","date_gmt":"2018-06-07T02:42:05","guid":{"rendered":"http:\/\/www.lapossibilitadiunisola.com\/blog\/?page_id=157785"},"modified":"2021-03-04T17:16:01","modified_gmt":"2021-03-04T17:16:01","slug":"start-here","status":"publish","type":"page","link":"https:\/\/www.lapossibilitadiunisola.com\/blog\/start-here\/","title":{"rendered":"START HERE"},"content":{"rendered":"<body><p><strong>Welcome to La possibilit\u00e0 di un\u2019isola<\/strong>! I am honoured to have you on this journey.<\/p>\n<p style=\"text-align: center;\">What is exactly La possibilit\u00e0 di un\u2019isola?<\/p>\n<p>Good question. The name of this website comes from the title of a novel by <span class=\"st\">Michel Houellebecq which translate in English as <i>The Possibility of an Island<\/i><\/span>. I read the book long ago, and only later the title resonated with my life.<\/p>\n<p>I experienced <strong>possibility and wonder<\/strong> when I decided to leave a mainstream career of HR consultant in Italy to go live in a very special island, the Archipelago of Los Roques in Venezuela.<\/p>\n<p>This unexpected turn in life unleashed a series of events that radically changed my view of the world, a shift that compelled me to keep a journal. <strong>lapossibilitadiunisola.com<\/strong> has been online for 9 years now, and followed my trajectory around different countries, particularly Venezuela, Cura<span class=\"st\"><em>\u00e7<\/em><\/span>ao, Panama, USA and many other small nations.<\/p>\n<p>If it\u2019s your first time here, this trajectory can be confusing and overwhelming so in this page I am trying to <strong>give you a road map<\/strong>. Here is how you get started:<\/p>\n<p><span style=\"color: #a82727;\"><strong>#1: WHO IS BEHIND THIS?<\/strong><\/span><\/p>\n<p>If you are wondering who is on the other side of this screen make sure you visit the <a href=\"http:\/\/www.lapossibilitadiunisola.com\/blog\/about\/\" target=\"_blank\" rel=\"noopener\"><strong>ABOUT PAGE<\/strong><\/a>, to get some scant hints on <strong>my biography<\/strong> and few lines on the <strong>underlying philosophy<\/strong> of the website.<\/p>\n<p>If you are intrigued by what you find, consider <a href=\"http:\/\/www.lapossibilitadiunisola.com\/blog\/contact\/\" target=\"_blank\" rel=\"noopener\"><strong>d<\/strong><strong>ropping me a note<\/strong><\/a>, or leave a comment on one of my posts. I love to hear from readers and meet new people!<\/p>\n<p>If you are even more intrigued and think you have a proposal I can\u2019t refuse check out my <a href=\"http:\/\/www.lapossibilitadiunisola.com\/blog\/hire-me\/\" target=\"_blank\" rel=\"noopener\"><strong>professional services<\/strong><\/a>.<\/p>\n<p><span style=\"color: #a82727;\"><strong>#2: STAY UP TO DATE<\/strong><\/span><\/p>\n<p>Do you like the vibe around here and want to know what comes next?\u00a0 <a href=\"http:\/\/eepurl.com\/dxBR2j\" target=\"_blank\" rel=\"noopener\"><strong>Subscribe to the newsletter! <\/strong><\/a>When I write <strong>I value long form writing<\/strong> over frequent and shallow content. If you hear from me twice a month it means that I am having a productivity spree, but the chances of that are very slim.<\/p>\n<p>For more day-to-day and agile interactions <a href=\"https:\/\/twitter.com\/fabiobrunazzi\" target=\"_blank\" rel=\"noopener\"><strong>follow me on Twitter.<\/strong><\/a><\/p>\n<p><span style=\"color: #a82727;\"><strong>#3: EXPLORE THE POSSIBILITY!<\/strong><\/span><\/p>\n<p>The following is a selection of what I think are the most representative posts on the website, divided thematically, to offer you a taste of the content you find on La possibilit\u00e0 di un\u2019isola. If you like dirty and sweaty boat work and projects check out <a href=\"http:\/\/www.lapossibilitadiunisola.com\/blog\/category\/columbia-29-refit\/\" target=\"_blank\" rel=\"noopener\">how we destroyed and put back together our boat<\/a><\/p>\n<p style=\"text-align: center;\"><span style=\"color: #a82727;\"><strong>OUR TINY SAILBOAT<\/strong><\/span><\/p>\n<ul>\n<li><a href=\"https:\/\/www.youtube.com\/watch?v=EoDakonESz8\" target=\"_blank\" rel=\"noopener\">VIDEO: James Baldwin visits Tranquility<\/a><\/li>\n<li><a href=\"http:\/\/www.lapossibilitadiunisola.com\/blog\/one-mans-experiment-with-electric-propulsion\/\" target=\"_blank\" rel=\"noopener\">Tranquility, the electric sailboat<\/a><\/li>\n<li><a href=\"http:\/\/www.lapossibilitadiunisola.com\/blog\/five-years-of-tranquility-in-photos-not-literally\/\" target=\"_blank\" rel=\"noopener\">A photo gallery of the Columbia 29 Tranquility<\/a><\/li>\n<li><a href=\"http:\/\/www.lapossibilitadiunisola.com\/blog\/columbia-29-a-classic-beauty\/\" target=\"_blank\" rel=\"noopener\">Columbia29, a classic beauty<\/a><\/li>\n<\/ul>\n<p style=\"text-align: center;\"><span style=\"color: #a82727;\"><strong>SAILING PASSAGES<\/strong><\/span><\/p>\n<ul>\n<li><a href=\"https:\/\/www.youtube.com\/watch?v=Pc2HYe-tSQM\" target=\"_blank\" rel=\"noopener\">East Coast Sailing<\/a><\/li>\n<li><a href=\"http:\/\/www.lapossibilitadiunisola.com\/blog\/tranquility-voyage-leg-1-fairhaven-ma-to-block-island-ri\/\" target=\"_blank\" rel=\"noopener\">Tranquility first voyage: Fairhaven, MA to Block Island, RI<\/a><\/li>\n<li><a href=\"http:\/\/www.lapossibilitadiunisola.com\/blog\/tranquility-voyage-leg-2-block-island-ri-to-norfolk-va-385-nm\/\" target=\"_blank\" rel=\"noopener\">Block Island RI to Norfolk VA<\/a><\/li>\n<li><a href=\"http:\/\/www.lapossibilitadiunisola.com\/blog\/sailboat-delivery-with-a-twister-part-ii-green-eye-in-the-sky-2\/\" target=\"_blank\" rel=\"noopener\">Stormy passage in the Gulf of Mexico<\/a><\/li>\n<li><a href=\"https:\/\/www.youtube.com\/results?search_query=sailing+dharma&amp;pbjreload=10\" target=\"_blank\" rel=\"noopener\">VIDEO: The delivery of the SWS Dharma<\/a><\/li>\n<\/ul>\n<p style=\"text-align: center;\"><span style=\"color: #a82727;\"><strong>PSYCHOLOGY AND OTHER RANDOM THOUGHTS<\/strong><\/span><\/p>\n<ul>\n<li><a href=\"http:\/\/www.lapossibilitadiunisola.com\/blog\/visiting-the-island-of-self\/\" target=\"_blank\" rel=\"noopener\">Visiting the Island of Self<\/a><\/li>\n<li><a href=\"http:\/\/www.lapossibilitadiunisola.com\/blog\/the-importance-of-foolish-acts-a-kafkian-explanation\/\" target=\"_blank\" rel=\"noopener\">The importance of Foolish acts<\/a><\/li>\n<li><a href=\"http:\/\/www.lapossibilitadiunisola.com\/blog\/burnout-at-sea\/\" target=\"_blank\" rel=\"noopener\">Burnout at Sea<\/a><\/li>\n<li><a href=\"http:\/\/www.lapossibilitadiunisola.com\/blog\/sailing-and-stress\/\" target=\"_blank\" rel=\"noopener\">Saling and stress<\/a><\/li>\n<li><a href=\"http:\/\/www.lapossibilitadiunisola.com\/blog\/zen-and-the-art-of-bringing-the-scale-back-to-zero\/\" target=\"_blank\" rel=\"noopener\">Zen and the art of bringing the scale back to zero<\/a><\/li>\n<li><a href=\"http:\/\/www.lapossibilitadiunisola.com\/blog\/building-sustainable-boats-with-agrocomposites\/\" target=\"_blank\" rel=\"noopener\">Building more sustainable boats<\/a><\/li>\n<li><a href=\"http:\/\/www.lapossibilitadiunisola.com\/blog\/walking-in-america\/\" target=\"_blank\" rel=\"noopener\">Walking in America<\/a><\/li>\n<\/ul>\n<p style=\"text-align: center;\"><span style=\"color: #993300;\"><strong>ON PRINT AND DIGITAL MAGAZINE:<\/strong><\/span><\/p>\n<ul>\n<li>GOOD OLD BOAT: <a href=\"http:\/\/www.lapossibilitadiunisola.com\/blog\/transforming-a-beaten-up-columbia-29-into-a-seaworthy-liveaboard-sailboat\/\" target=\"_blank\" rel=\"noopener\">Transforming a beaten up Columbia 29 into a seaworthy liveaboard sailboat<\/a><\/li>\n<li>SMALL BOATS MONTHLY: <a href=\"https:\/\/smallboatsmonthly.com\/article\/guna-yala\/\" target=\"_blank\" rel=\"noopener\">The Canoes of Guna Yala<\/a><\/li>\n<li>WAND\u2019RLY MAGAZINE: <a href=\"https:\/\/wandrlymagazine.com\/article\/full-time-sailing\/\" target=\"_blank\" rel=\"noopener\">Living full-time on a small sailboat<\/a><\/li>\n<\/ul>\n<p>Thank you for your interest in La possibilit\u00e0 di un\u2019isola! If you want to help this site reach interesting people like yourself, <strong>suggest it to a friend<\/strong> or <strong>share it on Social Media.<\/strong><\/p>\n<\/body>","protected":false},"excerpt":{"rendered":"<p>Welcome to La possibilit\u00e0 di un\u2019isola! I am honoured to have you on this journey. What is exactly La possibilit\u00e0 di un\u2019isola? Good question. The name of this website comes from the title of a novel by Michel Houellebecq which translate in English as The Possibility of an Island. I read the book long ago, &hellip; <\/p>\n<p class=\"read-more\"><a class=\"btn btn-default\" href=\"https:\/\/www.lapossibilitadiunisola.com\/blog\/start-here\/\"> Read More<span class=\"screen-reader-text\">  Read More<\/span><\/a><\/p>\n","protected":false},"author":1,"featured_media":0,"parent":0,"menu_order":0,"comment_status":"closed","ping_status":"closed","template":"","meta":{"jetpack_post_was_ever_published":false,"footnotes":""},"class_list":["post-157785","page","type-page","status-publish","hentry"],"yoast_head":"<!-- This site is optimized with the Yoast SEO plugin v27.4 - https:\/\/yoast.com\/product\/yoast-seo-wordpress\/ -->\n<title>Explore La possibilit\u00e0 di un&#039;isola - traveling on a tiny bluewater sailboat<\/title>\n<meta name=\"description\" content=\"Online for 9 years La possibilit\u00e0 di un&#039;isola follows my journey around different countries,Venezuela, Cura\u00e7ao, Panama, USA and many other small nations.\" \/>\n<meta name=\"robots\" content=\"index, follow, max-snippet:-1, max-image-preview:large, max-video-preview:-1\" \/>\n<link rel=\"canonical\" href=\"http:\/\/www.lapossibilitadiunisola.com\/blog\/start-here\/\" \/>\n<meta property=\"og:locale\" content=\"en_US\" \/>\n<meta property=\"og:type\" content=\"article\" \/>\n<meta property=\"og:title\" content=\"Explore La possibilit\u00e0 di un&#039;isola - traveling on a tiny bluewater sailboat\" \/>\n<meta property=\"og:description\" content=\"Online for 9 years La possibilit\u00e0 di un&#039;isola follows my journey around different countries,Venezuela, Cura\u00e7ao, Panama, USA and many other small nations.\" \/>\n<meta property=\"og:url\" content=\"http:\/\/www.lapossibilitadiunisola.com\/blog\/start-here\/\" \/>\n<meta property=\"og:site_name\" content=\"La possibilit\u00e0 di un&#039;isola\" \/>\n<meta property=\"article:modified_time\" content=\"2021-03-04T17:16:01+00:00\" \/>\n<meta name=\"twitter:card\" content=\"summary_large_image\" \/>\n<meta name=\"twitter:site\" content=\"@fabiobrunazzi\" \/>\n<meta name=\"twitter:label1\" content=\"Est. reading time\" \/>\n\t<meta name=\"twitter:data1\" content=\"3 minutes\" \/>\n<script type=\"application\/ld+json\" class=\"yoast-schema-graph\">{\"@context\":\"https:\\\/\\\/schema.org\",\"@graph\":[{\"@type\":\"WebPage\",\"@id\":\"http:\\\/\\\/www.lapossibilitadiunisola.com\\\/blog\\\/start-here\\\/\",\"url\":\"http:\\\/\\\/www.lapossibilitadiunisola.com\\\/blog\\\/start-here\\\/\",\"name\":\"Explore La possibilit\u00e0 di un'isola - traveling on a tiny bluewater sailboat\",\"isPartOf\":{\"@id\":\"http:\\\/\\\/www.lapossibilitadiunisola.com\\\/blog\\\/#website\"},\"datePublished\":\"2018-06-07T02:42:05+00:00\",\"dateModified\":\"2021-03-04T17:16:01+00:00\",\"description\":\"Online for 9 years La possibilit\u00e0 di un'isola follows my journey around different countries,Venezuela, Cura\u00e7ao, Panama, USA and many other small nations.\",\"breadcrumb\":{\"@id\":\"http:\\\/\\\/www.lapossibilitadiunisola.com\\\/blog\\\/start-here\\\/#breadcrumb\"},\"inLanguage\":\"en-US\",\"potentialAction\":[{\"@type\":\"ReadAction\",\"target\":[\"http:\\\/\\\/www.lapossibilitadiunisola.com\\\/blog\\\/start-here\\\/\"]}]},{\"@type\":\"BreadcrumbList\",\"@id\":\"http:\\\/\\\/www.lapossibilitadiunisola.com\\\/blog\\\/start-here\\\/#breadcrumb\",\"itemListElement\":[{\"@type\":\"ListItem\",\"position\":1,\"name\":\"Home\",\"item\":\"http:\\\/\\\/www.lapossibilitadiunisola.com\\\/blog\\\/\"},{\"@type\":\"ListItem\",\"position\":2,\"name\":\"START HERE\"}]},{\"@type\":\"WebSite\",\"@id\":\"http:\\\/\\\/www.lapossibilitadiunisola.com\\\/blog\\\/#website\",\"url\":\"http:\\\/\\\/www.lapossibilitadiunisola.com\\\/blog\\\/\",\"name\":\"La possibilit\u00e0 di un&#039;isola\",\"description\":\"Sailing, Psychology and other random incidents\",\"potentialAction\":[{\"@type\":\"SearchAction\",\"target\":{\"@type\":\"EntryPoint\",\"urlTemplate\":\"http:\\\/\\\/www.lapossibilitadiunisola.com\\\/blog\\\/?s={search_term_string}\"},\"query-input\":{\"@type\":\"PropertyValueSpecification\",\"valueRequired\":true,\"valueName\":\"search_term_string\"}}],\"inLanguage\":\"en-US\"}]}<\/script>\n<!-- \/ Yoast SEO plugin. -->","yoast_head_json":{"title":"Explore La possibilit\u00e0 di un'isola - traveling on a tiny bluewater sailboat","description":"Online for 9 years La possibilit\u00e0 di un'isola follows my journey around different countries,Venezuela, Cura\u00e7ao, Panama, USA and many other small nations.","robots":{"index":"index","follow":"follow","max-snippet":"max-snippet:-1","max-image-preview":"max-image-preview:large","max-video-preview":"max-video-preview:-1"},"canonical":"http:\/\/www.lapossibilitadiunisola.com\/blog\/start-here\/","og_locale":"en_US","og_type":"article","og_title":"Explore La possibilit\u00e0 di un'isola - traveling on a tiny bluewater sailboat","og_description":"Online for 9 years La possibilit\u00e0 di un'isola follows my journey around different countries,Venezuela, Cura\u00e7ao, Panama, USA and many other small nations.","og_url":"http:\/\/www.lapossibilitadiunisola.com\/blog\/start-here\/","og_site_name":"La possibilit\u00e0 di un&#039;isola","article_modified_time":"2021-03-04T17:16:01+00:00","twitter_card":"summary_large_image","twitter_site":"@fabiobrunazzi","twitter_misc":{"Est. reading time":"3 minutes"},"schema":{"@context":"https:\/\/schema.org","@graph":[{"@type":"WebPage","@id":"http:\/\/www.lapossibilitadiunisola.com\/blog\/start-here\/","url":"http:\/\/www.lapossibilitadiunisola.com\/blog\/start-here\/","name":"Explore La possibilit\u00e0 di un'isola - traveling on a tiny bluewater sailboat","isPartOf":{"@id":"http:\/\/www.lapossibilitadiunisola.com\/blog\/#website"},"datePublished":"2018-06-07T02:42:05+00:00","dateModified":"2021-03-04T17:16:01+00:00","description":"Online for 9 years La possibilit\u00e0 di un'isola follows my journey around different countries,Venezuela, Cura\u00e7ao, Panama, USA and many other small nations.","breadcrumb":{"@id":"http:\/\/www.lapossibilitadiunisola.com\/blog\/start-here\/#breadcrumb"},"inLanguage":"en-US","potentialAction":[{"@type":"ReadAction","target":["http:\/\/www.lapossibilitadiunisola.com\/blog\/start-here\/"]}]},{"@type":"BreadcrumbList","@id":"http:\/\/www.lapossibilitadiunisola.com\/blog\/start-here\/#breadcrumb","itemListElement":[{"@type":"ListItem","position":1,"name":"Home","item":"http:\/\/www.lapossibilitadiunisola.com\/blog\/"},{"@type":"ListItem","position":2,"name":"START HERE"}]},{"@type":"WebSite","@id":"http:\/\/www.lapossibilitadiunisola.com\/blog\/#website","url":"http:\/\/www.lapossibilitadiunisola.com\/blog\/","name":"La possibilit\u00e0 di un&#039;isola","description":"Sailing, Psychology and other random incidents","potentialAction":[{"@type":"SearchAction","target":{"@type":"EntryPoint","urlTemplate":"http:\/\/www.lapossibilitadiunisola.com\/blog\/?s={search_term_string}"},"query-input":{"@type":"PropertyValueSpecification","valueRequired":true,"valueName":"search_term_string"}}],"inLanguage":"en-US"}]}},"jetpack_sharing_enabled":true,"jetpack_shortlink":"https:\/\/wp.me\/P87532-F2V","_links":{"self":[{"href":"https:\/\/www.lapossibilitadiunisola.com\/blog\/wp-json\/wp\/v2\/pages\/157785","targetHints":{"allow":["GET"]}}],"collection":[{"href":"https:\/\/www.lapossibilitadiunisola.com\/blog\/wp-json\/wp\/v2\/pages"}],"about":[{"href":"https:\/\/www.lapossibilitadiunisola.com\/blog\/wp-json\/wp\/v2\/types\/page"}],"author":[{"embeddable":true,"href":"https:\/\/www.lapossibilitadiunisola.com\/blog\/wp-json\/wp\/v2\/users\/1"}],"replies":[{"embeddable":true,"href":"https:\/\/www.lapossibilitadiunisola.com\/blog\/wp-json\/wp\/v2\/comments?post=157785"}],"version-history":[{"count":34,"href":"https:\/\/www.lapossibilitadiunisola.com\/blog\/wp-json\/wp\/v2\/pages\/157785\/revisions"}],"predecessor-version":[{"id":158742,"href":"https:\/\/www.lapossibilitadiunisola.com\/blog\/wp-json\/wp\/v2\/pages\/157785\/revisions\/158742"}],"wp:attachment":[{"href":"https:\/\/www.lapossibilitadiunisola.com\/blog\/wp-json\/wp\/v2\/media?parent=157785"}],"curies":[{"name":"wp","href":"https:\/\/api.w.org\/{rel}","templated":true}]}}